{"id":15799,"date":"2025-11-16T16:56:44","date_gmt":"2025-11-16T16:56:44","guid":{"rendered":"https:\/\/www.dragonsystem-web.com\/tienda\/?product=pilas-recargables-philips-aa-2450mah-x2"},"modified":"2025-12-08T23:13:45","modified_gmt":"2025-11-20T16:39:10","slug":"pilas-recargables-philips-aa-2450mah-x2","status":"publish","type":"product","link":"https:\/\/www.dragonsystem-web.com\/tienda\/producto\/pilas-recargables-philips-aa-2450mah-x2\/","title":{"rendered":"Pilas Recargables Philips AA 2450mAh x2"},"content":{"rendered":"<p><!DOCTYPE html><br \/>\n<html lang=\"es\"><br \/>\n<head><br \/>\n    <meta charset=\"UTF-8\"><br \/>\n    <meta name=\"viewport\" content=\"width=device-width, initial-scale=1.0\"><br \/>\n    <title>Pilas Recargables Philips AA 2450mAh x2<\/title><br \/>\n<\/head><br \/>\n<body><\/p>\n<h1>Pilas Recargables Philips AA 2450mAh x2<\/h1>\n<h2>Caracter\u00edsticas Principales<\/h2>\n<ul>\n<li>Capacidad de 2450mAh para una larga duraci\u00f3n.<\/li>\n<li>Recargables, ideales para reutilizaci\u00f3n.<\/li>\n<li>Compatibles con una amplia variedad de dispositivos.<\/li>\n<li>Calidad Philips, garant\u00eda de rendimiento.<\/li>\n<\/ul>\n<h2>An\u00e1lisis T\u00e9cnico<\/h2>\n<p>Las pilas recargables Philips AA 2450mAh est\u00e1n dise\u00f1adas con la m\u00e1s alta tecnolog\u00eda para ofrecer una larga vida \u00fatil y un rendimiento \u00f3ptimo. Estas pilas utilizan una avanzada tecnolog\u00eda de recarga que permite una recarga r\u00e1pida y eficiente, manteniendo su capacidad y rendimiento a lo largo del tiempo.<\/p>\n<h2>Especificaciones T\u00e9cnicas<\/h2>\n<table>\n<tr>\n<th>Caracter\u00edstica<\/th>\n<th>Descripci\u00f3n<\/th>\n<\/tr>\n<tr>\n<td>Capacidad<\/td>\n<td>2450mAh<\/td>\n<\/tr>\n<tr>\n<td>Tipo<\/td>\n<td>Pilas AA<\/td>\n<\/tr>\n<tr>\n<td>Recargabilidad<\/td>\n<td>Recargables<\/td>\n<\/tr>\n<tr>\n<td>Compatibilidad<\/td>\n<td>Amplia variedad de dispositivos<\/td>\n<\/tr>\n<tr>\n<td>Garant\u00eda<\/td>\n<td>Cuenta con garant\u00eda del fabricante<\/td>\n<\/tr>\n<\/table>\n<p>Las pilas recargables Philips AA 2450mAh son la soluci\u00f3n perfecta para aquellos que buscan una opci\u00f3n sostenible y econ\u00f3mica para sus dispositivos electr\u00f3nicos. Con su alta capacidad y calidad Philips, son una inversi\u00f3n segura en el tiempo.<\/p>\n","protected":false},"excerpt":{"rendered":"<h2>Resumen<\/h2>\n<p>Las pilas recargables Philips AA 2450mAh ofrecen una capacidad de 2450mAh y son ideales para reutilizaci\u00f3n. Compatible con una amplia variedad de dispositivos, estas pilas garantizan un rendimiento \u00f3ptimo y una larga duraci\u00f3n. Cuenta con garant\u00eda del fabricante.<\/p>\n<p><\/body><br \/>\n<\/html><\/p>\n","protected":false},"featured_media":15800,"template":"","meta":{"_acf_changed":false,"site-sidebar-layout":"default","site-content-layout":"","ast-site-content-layout":"default","site-content-style":"default","site-sidebar-style":"default","ast-global-header-display":"","ast-banner-title-visibility":"","ast-main-header-display":"","ast-hfb-above-header-display":"","ast-hfb-below-header-display":"","ast-hfb-mobile-header-display":"","site-post-title":"","ast-breadcrumbs-content":"","ast-featured-img":"","footer-sml-layout":"","ast-disable-related-posts":"","theme-transparent-header-meta":"","adv-header-id-meta":"","stick-header-meta":"","header-above-stick-meta":"","header-main-stick-meta":"","header-below-stick-meta":"","astra-migrate-meta-layouts":"default","ast-page-background-enabled":"default","ast-page-background-meta":{"desktop":{"background-color":"var(--ast-global-color-5)","background-image":"","background-repeat":"repeat","background-position":"center center","background-size":"auto","background-attachment":"scroll","background-type":"","background-media":"","overlay-type":"","overlay-color":"","overlay-opacity":"","overlay-gradient":""},"tablet":{"background-color":"","background-image":"","background-repeat":"repeat","background-position":"center center","background-size":"auto","background-attachment":"scroll","background-type":"","background-media":"","overlay-type":"","overlay-color":"","overlay-opacity":"","overlay-gradient":""},"mobile":{"background-color":"","background-image":"","background-repeat":"repeat","background-position":"center center","background-size":"auto","background-attachment":"scroll","background-type":"","background-media":"","overlay-type":"","overlay-color":"","overlay-opacity":"","overlay-gradient":""}},"ast-content-background-meta":{"desktop":{"background-color":"var(--ast-global-color-4)","background-image":"","background-repeat":"repeat","background-position":"center center","background-size":"auto","background-attachment":"scroll","background-type":"","background-media":"","overlay-type":"","overlay-color":"","overlay-opacity":"","overlay-gradient":""},"tablet":{"background-color":"var(--ast-global-color-4)","background-image":"","background-repeat":"repeat","background-position":"center center","background-size":"auto","background-attachment":"scroll","background-type":"","background-media":"","overlay-type":"","overlay-color":"","overlay-opacity":"","overlay-gradient":""},"mobile":{"background-color":"var(--ast-global-color-4)","background-image":"","background-repeat":"repeat","background-position":"center center","background-size":"auto","background-attachment":"scroll","background-type":"","background-media":"","overlay-type":"","overlay-color":"","overlay-opacity":"","overlay-gradient":""}}},"product_brand":[3019],"product_cat":[4201],"product_tag":[4236],"class_list":{"0":"post-15799","1":"product","2":"type-product","3":"status-publish","4":"has-post-thumbnail","6":"product_brand-philips","7":"product_cat-pilas-baterias","8":"product_tag-pilasrecargablesaa2450mah","9":"desktop-align-left","10":"tablet-align-left","11":"mobile-align-left","12":"ast-product-gallery-layout-vertical-slider","13":"ast-product-gallery-with-no-image","14":"ast-product-tabs-layout-accordion","15":"ast-qv-on-image-click","17":"first","18":"instock","19":"purchasable","20":"product-type-simple"},"acf":[],"_links":{"self":[{"href":"https:\/\/www.dragonsystem-web.com\/tienda\/wp-json\/wp\/v2\/product\/15799","targetHints":{"allow":["GET"]}}],"collection":[{"href":"https:\/\/www.dragonsystem-web.com\/tienda\/wp-json\/wp\/v2\/product"}],"about":[{"href":"https:\/\/www.dragonsystem-web.com\/tienda\/wp-json\/wp\/v2\/types\/product"}],"wp:featuredmedia":[{"embeddable":true,"href":"https:\/\/www.dragonsystem-web.com\/tienda\/wp-json\/wp\/v2\/media\/15800"}],"wp:attachment":[{"href":"https:\/\/www.dragonsystem-web.com\/tienda\/wp-json\/wp\/v2\/media?parent=15799"}],"wp:term":[{"taxonomy":"product_brand","embeddable":true,"href":"https:\/\/www.dragonsystem-web.com\/tienda\/wp-json\/wp\/v2\/product_brand?post=15799"},{"taxonomy":"product_cat","embeddable":true,"href":"https:\/\/www.dragonsystem-web.com\/tienda\/wp-json\/wp\/v2\/product_cat?post=15799"},{"taxonomy":"product_tag","embeddable":true,"href":"https:\/\/www.dragonsystem-web.com\/tienda\/wp-json\/wp\/v2\/product_tag?post=15799"}],"curies":[{"name":"wp","href":"https:\/\/api.w.org\/{rel}","templated":true}]}}