{"id":15099,"date":"2025-11-16T15:45:43","date_gmt":"2025-11-16T15:45:43","guid":{"rendered":"https:\/\/www.dragonsystem-web.com\/tienda\/?product=water-cooler-be-quiet-light-loop-360mm"},"modified":"2025-11-29T20:20:06","modified_gmt":"2025-11-29T20:20:06","slug":"water-cooler-be-quiet-light-loop-360mm","status":"publish","type":"product","link":"https:\/\/www.dragonsystem-web.com\/tienda\/producto\/water-cooler-be-quiet-light-loop-360mm\/","title":{"rendered":"Water Cooler be quiet! Light Loop 360mm"},"content":{"rendered":"<p>Un AIO RGB de 360mm es la declaraci\u00f3n definitiva en un build gaming. Este Light Loop 360mm ofrece una refrigeraci\u00f3n de grado enthusiast para los CPUs m\u00e1s calientes, mientras que sus tres ventiladores RGB crean una cortina de luz. Es la elecci\u00f3n para el usuario que quiere un build con un impacto visual enorme y el rendimiento t\u00e9rmico para respaldarlo, todo con la calidad de construcci\u00f3n de be quiet!.<\/p>\n","protected":false},"excerpt":{"rendered":"<p>Sistema de refrigeraci\u00f3n l\u00edquida todo-en-uno (AIO) be quiet! Light Loop. Radiador de 360mm. La versi\u00f3n de m\u00e1xima capacidad de la serie RGB, combinando el imponente rendimiento t\u00e9rmico de un radiador triple con los vibrantes anillos de luz RGB de la serie Light Loop. Para builds que exigen lo m\u00e1ximo en refrigeraci\u00f3n y estilo.<\/p>\n","protected":false},"featured_media":15100,"template":"","meta":{"_acf_changed":false,"site-sidebar-layout":"default","site-content-layout":"","ast-site-content-layout":"default","site-content-style":"default","site-sidebar-style":"default","ast-global-header-display":"","ast-banner-title-visibility":"","ast-main-header-display":"","ast-hfb-above-header-display":"","ast-hfb-below-header-display":"","ast-hfb-mobile-header-display":"","site-post-title":"","ast-breadcrumbs-content":"","ast-featured-img":"","footer-sml-layout":"","ast-disable-related-posts":"","theme-transparent-header-meta":"","adv-header-id-meta":"","stick-header-meta":"","header-above-stick-meta":"","header-main-stick-meta":"","header-below-stick-meta":"","astra-migrate-meta-layouts":"default","ast-page-background-enabled":"default","ast-page-background-meta":{"desktop":{"background-color":"var(--ast-global-color-5)","background-image":"","background-repeat":"repeat","background-position":"center center","background-size":"auto","background-attachment":"scroll","background-type":"","background-media":"","overlay-type":"","overlay-color":"","overlay-opacity":"","overlay-gradient":""},"tablet":{"background-color":"","background-image":"","background-repeat":"repeat","background-position":"center center","background-size":"auto","background-attachment":"scroll","background-type":"","background-media":"","overlay-type":"","overlay-color":"","overlay-opacity":"","overlay-gradient":""},"mobile":{"background-color":"","background-image":"","background-repeat":"repeat","background-position":"center center","background-size":"auto","background-attachment":"scroll","background-type":"","background-media":"","overlay-type":"","overlay-color":"","overlay-opacity":"","overlay-gradient":""}},"ast-content-background-meta":{"desktop":{"background-color":"var(--ast-global-color-4)","background-image":"","background-repeat":"repeat","background-position":"center center","background-size":"auto","background-attachment":"scroll","background-type":"","background-media":"","overlay-type":"","overlay-color":"","overlay-opacity":"","overlay-gradient":""},"tablet":{"background-color":"var(--ast-global-color-4)","background-image":"","background-repeat":"repeat","background-position":"center center","background-size":"auto","background-attachment":"scroll","background-type":"","background-media":"","overlay-type":"","overlay-color":"","overlay-opacity":"","overlay-gradient":""},"mobile":{"background-color":"var(--ast-global-color-4)","background-image":"","background-repeat":"repeat","background-position":"center center","background-size":"auto","background-attachment":"scroll","background-type":"","background-media":"","overlay-type":"","overlay-color":"","overlay-opacity":"","overlay-gradient":""}}},"product_brand":[3177],"product_cat":[3621],"product_tag":[3891],"class_list":{"0":"post-15099","1":"product","2":"type-product","3":"status-publish","4":"has-post-thumbnail","6":"product_brand-be-quiet","7":"product_cat-coolers","8":"product_tag-water-cooler360mmrgbiluminacion","9":"desktop-align-left","10":"tablet-align-left","11":"mobile-align-left","12":"ast-product-gallery-layout-vertical-slider","13":"ast-product-gallery-with-no-image","14":"ast-product-tabs-layout-accordion","15":"ast-qv-on-image-click","17":"first","18":"instock","19":"purchasable","20":"product-type-simple"},"acf":[],"_links":{"self":[{"href":"https:\/\/www.dragonsystem-web.com\/tienda\/wp-json\/wp\/v2\/product\/15099","targetHints":{"allow":["GET"]}}],"collection":[{"href":"https:\/\/www.dragonsystem-web.com\/tienda\/wp-json\/wp\/v2\/product"}],"about":[{"href":"https:\/\/www.dragonsystem-web.com\/tienda\/wp-json\/wp\/v2\/types\/product"}],"wp:featuredmedia":[{"embeddable":true,"href":"https:\/\/www.dragonsystem-web.com\/tienda\/wp-json\/wp\/v2\/media\/15100"}],"wp:attachment":[{"href":"https:\/\/www.dragonsystem-web.com\/tienda\/wp-json\/wp\/v2\/media?parent=15099"}],"wp:term":[{"taxonomy":"product_brand","embeddable":true,"href":"https:\/\/www.dragonsystem-web.com\/tienda\/wp-json\/wp\/v2\/product_brand?post=15099"},{"taxonomy":"product_cat","embeddable":true,"href":"https:\/\/www.dragonsystem-web.com\/tienda\/wp-json\/wp\/v2\/product_cat?post=15099"},{"taxonomy":"product_tag","embeddable":true,"href":"https:\/\/www.dragonsystem-web.com\/tienda\/wp-json\/wp\/v2\/product_tag?post=15099"}],"curies":[{"name":"wp","href":"https:\/\/api.w.org\/{rel}","templated":true}]}}