{"id":15083,"date":"2025-11-16T15:45:43","date_gmt":"2025-11-16T15:45:43","guid":{"rendered":"https:\/\/www.dragonsystem-web.com\/tienda\/?product=cooler-deepcool-ld360-argb-blanco"},"modified":"2025-11-29T20:45:30","modified_gmt":"2025-11-29T20:45:30","slug":"cooler-deepcool-ld360-argb-blanco","status":"publish","type":"product","link":"https:\/\/www.dragonsystem-web.com\/tienda\/producto\/cooler-deepcool-ld360-argb-blanco\/","title":{"rendered":"Cooler Deepcool LD360 ARGB Blanco"},"content":{"rendered":"<p>El LD360 Blanco es un AIO que prioriza el impacto visual tanto como el rendimiento. El radiador de 360mm blanco y los tres ventiladores ARGB blancos crean una pared de refrigeraci\u00f3n y luz. Es el componente perfecto para el frente o el techo de un gabinete blanco con ventana, proporcionando la refrigeraci\u00f3n m\u00e1xima para CPUs de gama alta mientras sirve como la pieza central est\u00e9tica del build.<\/p>\n","protected":false},"excerpt":{"rendered":"<p>Sistema de refrigeraci\u00f3n l\u00edquida todo-en-uno (AIO) Deepcool LD360, color blanco, con iluminaci\u00f3n ARGB. Radiador de 360mm. Ofrece una refrigeraci\u00f3n l\u00edquida de alta capacidad con una est\u00e9tica blanca y RGB coordinada. La bomba y los tres ventiladores cuentan con iluminaci\u00f3n direccionable para un look espectacular en builds blancos.<\/p>\n","protected":false},"featured_media":15084,"template":"","meta":{"_acf_changed":false,"site-sidebar-layout":"default","site-content-layout":"","ast-site-content-layout":"default","site-content-style":"default","site-sidebar-style":"default","ast-global-header-display":"","ast-banner-title-visibility":"","ast-main-header-display":"","ast-hfb-above-header-display":"","ast-hfb-below-header-display":"","ast-hfb-mobile-header-display":"","site-post-title":"","ast-breadcrumbs-content":"","ast-featured-img":"","footer-sml-layout":"","ast-disable-related-posts":"","theme-transparent-header-meta":"","adv-header-id-meta":"","stick-header-meta":"","header-above-stick-meta":"","header-main-stick-meta":"","header-below-stick-meta":"","astra-migrate-meta-layouts":"default","ast-page-background-enabled":"default","ast-page-background-meta":{"desktop":{"background-color":"var(--ast-global-color-5)","background-image":"","background-repeat":"repeat","background-position":"center center","background-size":"auto","background-attachment":"scroll","background-type":"","background-media":"","overlay-type":"","overlay-color":"","overlay-opacity":"","overlay-gradient":""},"tablet":{"background-color":"","background-image":"","background-repeat":"repeat","background-position":"center center","background-size":"auto","background-attachment":"scroll","background-type":"","background-media":"","overlay-type":"","overlay-color":"","overlay-opacity":"","overlay-gradient":""},"mobile":{"background-color":"","background-image":"","background-repeat":"repeat","background-position":"center center","background-size":"auto","background-attachment":"scroll","background-type":"","background-media":"","overlay-type":"","overlay-color":"","overlay-opacity":"","overlay-gradient":""}},"ast-content-background-meta":{"desktop":{"background-color":"var(--ast-global-color-4)","background-image":"","background-repeat":"repeat","background-position":"center center","background-size":"auto","background-attachment":"scroll","background-type":"","background-media":"","overlay-type":"","overlay-color":"","overlay-opacity":"","overlay-gradient":""},"tablet":{"background-color":"var(--ast-global-color-4)","background-image":"","background-repeat":"repeat","background-position":"center center","background-size":"auto","background-attachment":"scroll","background-type":"","background-media":"","overlay-type":"","overlay-color":"","overlay-opacity":"","overlay-gradient":""},"mobile":{"background-color":"var(--ast-global-color-4)","background-image":"","background-repeat":"repeat","background-position":"center center","background-size":"auto","background-attachment":"scroll","background-type":"","background-media":"","overlay-type":"","overlay-color":"","overlay-opacity":"","overlay-gradient":""}}},"product_brand":[2867],"product_cat":[3621],"product_tag":[3885],"class_list":{"0":"post-15083","1":"product","2":"type-product","3":"status-publish","4":"has-post-thumbnail","6":"product_brand-deepcool","7":"product_cat-coolers","8":"product_tag-cooler-liquido360mmargbblanco","9":"desktop-align-left","10":"tablet-align-left","11":"mobile-align-left","12":"ast-product-gallery-layout-vertical-slider","13":"ast-product-gallery-with-no-image","14":"ast-product-tabs-layout-accordion","15":"ast-qv-on-image-click","17":"first","18":"instock","19":"purchasable","20":"product-type-simple"},"acf":[],"_links":{"self":[{"href":"https:\/\/www.dragonsystem-web.com\/tienda\/wp-json\/wp\/v2\/product\/15083","targetHints":{"allow":["GET"]}}],"collection":[{"href":"https:\/\/www.dragonsystem-web.com\/tienda\/wp-json\/wp\/v2\/product"}],"about":[{"href":"https:\/\/www.dragonsystem-web.com\/tienda\/wp-json\/wp\/v2\/types\/product"}],"wp:featuredmedia":[{"embeddable":true,"href":"https:\/\/www.dragonsystem-web.com\/tienda\/wp-json\/wp\/v2\/media\/15084"}],"wp:attachment":[{"href":"https:\/\/www.dragonsystem-web.com\/tienda\/wp-json\/wp\/v2\/media?parent=15083"}],"wp:term":[{"taxonomy":"product_brand","embeddable":true,"href":"https:\/\/www.dragonsystem-web.com\/tienda\/wp-json\/wp\/v2\/product_brand?post=15083"},{"taxonomy":"product_cat","embeddable":true,"href":"https:\/\/www.dragonsystem-web.com\/tienda\/wp-json\/wp\/v2\/product_cat?post=15083"},{"taxonomy":"product_tag","embeddable":true,"href":"https:\/\/www.dragonsystem-web.com\/tienda\/wp-json\/wp\/v2\/product_tag?post=15083"}],"curies":[{"name":"wp","href":"https:\/\/api.w.org\/{rel}","templated":true}]}}