{"id":15079,"date":"2025-11-16T15:45:43","date_gmt":"2025-11-16T15:45:43","guid":{"rendered":"https:\/\/www.dragonsystem-web.com\/tienda\/?product=disco-ssd-lexar-1tb-portable"},"modified":"2025-11-21T00:39:10","modified_gmt":"2025-11-20T16:39:10","slug":"disco-ssd-lexar-1tb-portable","status":"publish","type":"product","link":"https:\/\/www.dragonsystem-web.com\/tienda\/producto\/disco-ssd-lexar-1tb-portable\/","title":{"rendered":"Disco SSD Lexar 1TB Portable"},"content":{"rendered":"<p>Un SSD port\u00e1til de 1TB es una herramienta de productividad. Las velocidades USB 3.2 Gen 2 permiten transferir archivos de decenas de gigabytes en segundos, a diferencia de los discos duros port\u00e1tiles. Es ideal para vide\u00f3grafos, fot\u00f3grafos, dise\u00f1adores o cualquier usuario que necesite mover grandes cantidades de datos r\u00e1pidamente. La falta de partes m\u00f3viles lo hace m\u00e1s durable para transportar.<\/p>\n","protected":false},"excerpt":{"rendered":"<p>Unidad de estado s\u00f3lido (SSD) port\u00e1til Lexar, capacidad 1TB, interfaz USB 3.2 Gen 2 (10 Gbps). Dise\u00f1o compacto y resistente a golpes. Almacenamiento externo ultrarr\u00e1pido para transferir proyectos grandes, hacer backups o expandir el almacenamiento de una laptop o consola de forma port\u00e1til y confiable.<\/p>\n","protected":false},"featured_media":15080,"template":"","meta":{"_acf_changed":false,"site-sidebar-layout":"default","site-content-layout":"","ast-site-content-layout":"default","site-content-style":"default","site-sidebar-style":"default","ast-global-header-display":"","ast-banner-title-visibility":"","ast-main-header-display":"","ast-hfb-above-header-display":"","ast-hfb-below-header-display":"","ast-hfb-mobile-header-display":"","site-post-title":"","ast-breadcrumbs-content":"","ast-featured-img":"","footer-sml-layout":"","ast-disable-related-posts":"","theme-transparent-header-meta":"","adv-header-id-meta":"","stick-header-meta":"","header-above-stick-meta":"","header-main-stick-meta":"","header-below-stick-meta":"","astra-migrate-meta-layouts":"default","ast-page-background-enabled":"default","ast-page-background-meta":{"desktop":{"background-color":"var(--ast-global-color-5)","background-image":"","background-repeat":"repeat","background-position":"center center","background-size":"auto","background-attachment":"scroll","background-type":"","background-media":"","overlay-type":"","overlay-color":"","overlay-opacity":"","overlay-gradient":""},"tablet":{"background-color":"","background-image":"","background-repeat":"repeat","background-position":"center center","background-size":"auto","background-attachment":"scroll","background-type":"","background-media":"","overlay-type":"","overlay-color":"","overlay-opacity":"","overlay-gradient":""},"mobile":{"background-color":"","background-image":"","background-repeat":"repeat","background-position":"center center","background-size":"auto","background-attachment":"scroll","background-type":"","background-media":"","overlay-type":"","overlay-color":"","overlay-opacity":"","overlay-gradient":""}},"ast-content-background-meta":{"desktop":{"background-color":"var(--ast-global-color-4)","background-image":"","background-repeat":"repeat","background-position":"center center","background-size":"auto","background-attachment":"scroll","background-type":"","background-media":"","overlay-type":"","overlay-color":"","overlay-opacity":"","overlay-gradient":""},"tablet":{"background-color":"var(--ast-global-color-4)","background-image":"","background-repeat":"repeat","background-position":"center center","background-size":"auto","background-attachment":"scroll","background-type":"","background-media":"","overlay-type":"","overlay-color":"","overlay-opacity":"","overlay-gradient":""},"mobile":{"background-color":"var(--ast-global-color-4)","background-image":"","background-repeat":"repeat","background-position":"center center","background-size":"auto","background-attachment":"scroll","background-type":"","background-media":"","overlay-type":"","overlay-color":"","overlay-opacity":"","overlay-gradient":""}}},"product_brand":[],"product_cat":[3824],"product_tag":[2840,3883],"class_list":{"0":"post-15079","1":"product","2":"type-product","3":"status-publish","4":"has-post-thumbnail","6":"product_cat-discos-duros-y-solidos","7":"product_tag-lexar","8":"product_tag-ssdportableusb1tb","9":"desktop-align-left","10":"tablet-align-left","11":"mobile-align-left","12":"ast-product-gallery-layout-vertical-slider","13":"ast-product-gallery-with-no-image","14":"ast-product-tabs-layout-accordion","15":"ast-qv-on-image-click","17":"first","18":"instock","19":"purchasable","20":"product-type-simple"},"acf":[],"_links":{"self":[{"href":"https:\/\/www.dragonsystem-web.com\/tienda\/wp-json\/wp\/v2\/product\/15079","targetHints":{"allow":["GET"]}}],"collection":[{"href":"https:\/\/www.dragonsystem-web.com\/tienda\/wp-json\/wp\/v2\/product"}],"about":[{"href":"https:\/\/www.dragonsystem-web.com\/tienda\/wp-json\/wp\/v2\/types\/product"}],"wp:featuredmedia":[{"embeddable":true,"href":"https:\/\/www.dragonsystem-web.com\/tienda\/wp-json\/wp\/v2\/media\/15080"}],"wp:attachment":[{"href":"https:\/\/www.dragonsystem-web.com\/tienda\/wp-json\/wp\/v2\/media?parent=15079"}],"wp:term":[{"taxonomy":"product_brand","embeddable":true,"href":"https:\/\/www.dragonsystem-web.com\/tienda\/wp-json\/wp\/v2\/product_brand?post=15079"},{"taxonomy":"product_cat","embeddable":true,"href":"https:\/\/www.dragonsystem-web.com\/tienda\/wp-json\/wp\/v2\/product_cat?post=15079"},{"taxonomy":"product_tag","embeddable":true,"href":"https:\/\/www.dragonsystem-web.com\/tienda\/wp-json\/wp\/v2\/product_tag?post=15079"}],"curies":[{"name":"wp","href":"https:\/\/api.w.org\/{rel}","templated":true}]}}