{"id":15075,"date":"2025-11-16T15:45:43","date_gmt":"2025-11-16T15:45:43","guid":{"rendered":"https:\/\/www.dragonsystem-web.com\/tienda\/?product=liquid-cooler-deepcool-lt720"},"modified":"2025-11-21T00:39:10","modified_gmt":"2025-11-20T16:39:10","slug":"liquid-cooler-deepcool-lt720","status":"publish","type":"product","link":"https:\/\/www.dragonsystem-web.com\/tienda\/producto\/liquid-cooler-deepcool-lt720\/","title":{"rendered":"Liquid Cooler Deepcool LT720"},"content":{"rendered":"<p>El LT720 es el AIO flagship de Deepcool. Est\u00e1 construido para competir con los mejores del mercado. El radiador de 360mm proporciona una disipaci\u00f3n masiva, capaz de domar el calor de un Core i9-14900KS overclockeado. La bomba con efecto de espejo infinito es un detalle est\u00e9tico de alta gama que domina visualmente el interior del gabinete. Una declaraci\u00f3n de rendimiento y estilo para builds de \u00e9lite.<\/p>\n","protected":false},"excerpt":{"rendered":"<p>Sistema de refrigeraci\u00f3n l\u00edquida todo-en-uno (AIO) Deepcool LT720. Radiador de 360mm. Dise\u00f1o premium con una bomba de espejo infinito y ventiladores de alto rendimiento. Ofrece una capacidad de refrigeraci\u00f3n extrema para los procesadores m\u00e1s demanding, con un impacto visual imponente gracias a su bomba con efecto de espejo infinito y los tres ventiladores.<\/p>\n","protected":false},"featured_media":15076,"template":"","meta":{"_acf_changed":false,"site-sidebar-layout":"default","site-content-layout":"","ast-site-content-layout":"default","site-content-style":"default","site-sidebar-style":"default","ast-global-header-display":"","ast-banner-title-visibility":"","ast-main-header-display":"","ast-hfb-above-header-display":"","ast-hfb-below-header-display":"","ast-hfb-mobile-header-display":"","site-post-title":"","ast-breadcrumbs-content":"","ast-featured-img":"","footer-sml-layout":"","ast-disable-related-posts":"","theme-transparent-header-meta":"","adv-header-id-meta":"","stick-header-meta":"","header-above-stick-meta":"","header-main-stick-meta":"","header-below-stick-meta":"","astra-migrate-meta-layouts":"default","ast-page-background-enabled":"default","ast-page-background-meta":{"desktop":{"background-color":"var(--ast-global-color-5)","background-image":"","background-repeat":"repeat","background-position":"center center","background-size":"auto","background-attachment":"scroll","background-type":"","background-media":"","overlay-type":"","overlay-color":"","overlay-opacity":"","overlay-gradient":""},"tablet":{"background-color":"","background-image":"","background-repeat":"repeat","background-position":"center center","background-size":"auto","background-attachment":"scroll","background-type":"","background-media":"","overlay-type":"","overlay-color":"","overlay-opacity":"","overlay-gradient":""},"mobile":{"background-color":"","background-image":"","background-repeat":"repeat","background-position":"center center","background-size":"auto","background-attachment":"scroll","background-type":"","background-media":"","overlay-type":"","overlay-color":"","overlay-opacity":"","overlay-gradient":""}},"ast-content-background-meta":{"desktop":{"background-color":"var(--ast-global-color-4)","background-image":"","background-repeat":"repeat","background-position":"center center","background-size":"auto","background-attachment":"scroll","background-type":"","background-media":"","overlay-type":"","overlay-color":"","overlay-opacity":"","overlay-gradient":""},"tablet":{"background-color":"var(--ast-global-color-4)","background-image":"","background-repeat":"repeat","background-position":"center center","background-size":"auto","background-attachment":"scroll","background-type":"","background-media":"","overlay-type":"","overlay-color":"","overlay-opacity":"","overlay-gradient":""},"mobile":{"background-color":"var(--ast-global-color-4)","background-image":"","background-repeat":"repeat","background-position":"center center","background-size":"auto","background-attachment":"scroll","background-type":"","background-media":"","overlay-type":"","overlay-color":"","overlay-opacity":"","overlay-gradient":""}}},"product_brand":[2867],"product_cat":[16],"product_tag":[3881],"class_list":{"0":"post-15075","1":"product","2":"type-product","3":"status-publish","4":"has-post-thumbnail","6":"product_brand-deepcool","7":"product_cat-sin-categorizar","8":"product_tag-liquid-cooler360mmalto-rendimientodeepcool","9":"desktop-align-left","10":"tablet-align-left","11":"mobile-align-left","12":"ast-product-gallery-layout-vertical-slider","13":"ast-product-gallery-with-no-image","14":"ast-product-tabs-layout-accordion","15":"ast-qv-on-image-click","17":"first","18":"instock","19":"purchasable","20":"product-type-simple"},"acf":[],"_links":{"self":[{"href":"https:\/\/www.dragonsystem-web.com\/tienda\/wp-json\/wp\/v2\/product\/15075","targetHints":{"allow":["GET"]}}],"collection":[{"href":"https:\/\/www.dragonsystem-web.com\/tienda\/wp-json\/wp\/v2\/product"}],"about":[{"href":"https:\/\/www.dragonsystem-web.com\/tienda\/wp-json\/wp\/v2\/types\/product"}],"wp:featuredmedia":[{"embeddable":true,"href":"https:\/\/www.dragonsystem-web.com\/tienda\/wp-json\/wp\/v2\/media\/15076"}],"wp:attachment":[{"href":"https:\/\/www.dragonsystem-web.com\/tienda\/wp-json\/wp\/v2\/media?parent=15075"}],"wp:term":[{"taxonomy":"product_brand","embeddable":true,"href":"https:\/\/www.dragonsystem-web.com\/tienda\/wp-json\/wp\/v2\/product_brand?post=15075"},{"taxonomy":"product_cat","embeddable":true,"href":"https:\/\/www.dragonsystem-web.com\/tienda\/wp-json\/wp\/v2\/product_cat?post=15075"},{"taxonomy":"product_tag","embeddable":true,"href":"https:\/\/www.dragonsystem-web.com\/tienda\/wp-json\/wp\/v2\/product_tag?post=15075"}],"curies":[{"name":"wp","href":"https:\/\/api.w.org\/{rel}","templated":true}]}}