{"id":15069,"date":"2025-11-16T15:45:43","date_gmt":"2025-11-16T15:45:43","guid":{"rendered":"https:\/\/www.dragonsystem-web.com\/tienda\/?product=mother-asrock-a620m-c-r2-0-am5-bulk"},"modified":"2025-11-29T20:18:41","modified_gmt":"2025-11-29T20:18:41","slug":"mother-asrock-a620m-c-r2-0-am5-bulk","status":"publish","type":"product","link":"https:\/\/www.dragonsystem-web.com\/tienda\/producto\/mother-asrock-a620m-c-r2-0-am5-bulk\/","title":{"rendered":"Mother ASRock A620M C R2.0 AM5 Bulk"},"content":{"rendered":"<p>La versi\u00f3n \u00abBulk\u00bb est\u00e1 destinada a vendedores que ensamblan PCs para reventa, ya que no incluye el empaque al por menor completo (puede venir en una bolsa antiest\u00e1tica con los accesorios m\u00ednimos). La revisi\u00f3n R2.0 indica mejoras sobre el modelo original. Es la forma m\u00e1s econ\u00f3mica de obtener una placa ASRock A620 para un build AM5 de presupuesto.<\/p>\n","protected":false},"excerpt":{"rendered":"<p>Placa madre ASRock A620M-C R2.0, socket AM5. Chipset AMD A620. Versi\u00f3n \u00abBulk\u00bb (a granel, sin caja retail completa). Una revisi\u00f3n (R2.0) de la placa de entrada A620 de ASRock, ofreciendo compatibilidad con Ryzen 7000 y DDR5. La venta \u00abBulk\u00bb reduce el costo, ideal para integradores de sistemas.<\/p>\n","protected":false},"featured_media":15070,"template":"","meta":{"_acf_changed":false,"site-sidebar-layout":"default","site-content-layout":"","ast-site-content-layout":"default","site-content-style":"default","site-sidebar-style":"default","ast-global-header-display":"","ast-banner-title-visibility":"","ast-main-header-display":"","ast-hfb-above-header-display":"","ast-hfb-below-header-display":"","ast-hfb-mobile-header-display":"","site-post-title":"","ast-breadcrumbs-content":"","ast-featured-img":"","footer-sml-layout":"","ast-disable-related-posts":"","theme-transparent-header-meta":"","adv-header-id-meta":"","stick-header-meta":"","header-above-stick-meta":"","header-main-stick-meta":"","header-below-stick-meta":"","astra-migrate-meta-layouts":"default","ast-page-background-enabled":"default","ast-page-background-meta":{"desktop":{"background-color":"var(--ast-global-color-5)","background-image":"","background-repeat":"repeat","background-position":"center center","background-size":"auto","background-attachment":"scroll","background-type":"","background-media":"","overlay-type":"","overlay-color":"","overlay-opacity":"","overlay-gradient":""},"tablet":{"background-color":"","background-image":"","background-repeat":"repeat","background-position":"center center","background-size":"auto","background-attachment":"scroll","background-type":"","background-media":"","overlay-type":"","overlay-color":"","overlay-opacity":"","overlay-gradient":""},"mobile":{"background-color":"","background-image":"","background-repeat":"repeat","background-position":"center center","background-size":"auto","background-attachment":"scroll","background-type":"","background-media":"","overlay-type":"","overlay-color":"","overlay-opacity":"","overlay-gradient":""}},"ast-content-background-meta":{"desktop":{"background-color":"var(--ast-global-color-4)","background-image":"","background-repeat":"repeat","background-position":"center center","background-size":"auto","background-attachment":"scroll","background-type":"","background-media":"","overlay-type":"","overlay-color":"","overlay-opacity":"","overlay-gradient":""},"tablet":{"background-color":"var(--ast-global-color-4)","background-image":"","background-repeat":"repeat","background-position":"center center","background-size":"auto","background-attachment":"scroll","background-type":"","background-media":"","overlay-type":"","overlay-color":"","overlay-opacity":"","overlay-gradient":""},"mobile":{"background-color":"var(--ast-global-color-4)","background-image":"","background-repeat":"repeat","background-position":"center center","background-size":"auto","background-attachment":"scroll","background-type":"","background-media":"","overlay-type":"","overlay-color":"","overlay-opacity":"","overlay-gradient":""}}},"product_brand":[2982],"product_cat":[2602],"product_tag":[3850],"class_list":{"0":"post-15069","1":"product","2":"type-product","3":"status-publish","4":"has-post-thumbnail","6":"product_brand-asrock","7":"product_cat-placas-madre","8":"product_tag-motherboardamdam5a620","9":"desktop-align-left","10":"tablet-align-left","11":"mobile-align-left","12":"ast-product-gallery-layout-vertical-slider","13":"ast-product-gallery-with-no-image","14":"ast-product-tabs-layout-accordion","15":"ast-qv-on-image-click","17":"first","18":"instock","19":"purchasable","20":"product-type-simple"},"acf":[],"_links":{"self":[{"href":"https:\/\/www.dragonsystem-web.com\/tienda\/wp-json\/wp\/v2\/product\/15069","targetHints":{"allow":["GET"]}}],"collection":[{"href":"https:\/\/www.dragonsystem-web.com\/tienda\/wp-json\/wp\/v2\/product"}],"about":[{"href":"https:\/\/www.dragonsystem-web.com\/tienda\/wp-json\/wp\/v2\/types\/product"}],"wp:featuredmedia":[{"embeddable":true,"href":"https:\/\/www.dragonsystem-web.com\/tienda\/wp-json\/wp\/v2\/media\/15070"}],"wp:attachment":[{"href":"https:\/\/www.dragonsystem-web.com\/tienda\/wp-json\/wp\/v2\/media?parent=15069"}],"wp:term":[{"taxonomy":"product_brand","embeddable":true,"href":"https:\/\/www.dragonsystem-web.com\/tienda\/wp-json\/wp\/v2\/product_brand?post=15069"},{"taxonomy":"product_cat","embeddable":true,"href":"https:\/\/www.dragonsystem-web.com\/tienda\/wp-json\/wp\/v2\/product_cat?post=15069"},{"taxonomy":"product_tag","embeddable":true,"href":"https:\/\/www.dragonsystem-web.com\/tienda\/wp-json\/wp\/v2\/product_tag?post=15069"}],"curies":[{"name":"wp","href":"https:\/\/api.w.org\/{rel}","templated":true}]}}